{"id":590,"date":"2026-02-06T11:26:27","date_gmt":"2026-02-06T11:26:27","guid":{"rendered":"https:\/\/eldescansadero.com\/?page_id=590"},"modified":"2026-02-06T11:35:02","modified_gmt":"2026-02-06T11:35:02","slug":"politica-de-cookies","status":"publish","type":"page","link":"https:\/\/eldescansadero.com\/fr\/politica-de-cookies\/","title":{"rendered":"Politique en mati\u00e8re de cookies"},"content":{"rendered":"<div data-elementor-type=\"wp-page\" data-elementor-id=\"590\" class=\"elementor elementor-590\" data-elementor-post-type=\"page\">\n\t\t\t\t<div class=\"elementor-element elementor-element-c3247c9 e-flex e-con-boxed wpr-particle-no wpr-jarallax-no wpr-parallax-no wpr-sticky-section-no e-con e-parent\" data-id=\"c3247c9\" data-element_type=\"container\">\n\t\t\t\t\t<div class=\"e-con-inner\">\n\t\t\t\t<div class=\"elementor-element elementor-element-b8d3440 elementor-widget elementor-widget-text-editor\" data-id=\"b8d3440\" data-element_type=\"widget\" data-widget_type=\"text-editor.default\">\n\t\t\t\t\t\t\t\t\t<p data-start=\"3483\" data-end=\"3576\">Este sitio web utiliza cookies propias y de terceros para mejorar la experiencia del usuario.<\/p><hr data-start=\"3578\" data-end=\"3581\" \/><h2 data-start=\"3583\" data-end=\"3607\">\u00bfQu\u00e9 son las cookies?<\/h2><p data-start=\"3609\" data-end=\"3718\">Las cookies son peque\u00f1os archivos que se almacenan en el dispositivo del usuario al navegar por un sitio web.<\/p><hr data-start=\"3720\" data-end=\"3723\" \/><h2 data-start=\"3725\" data-end=\"3755\">Tipos de cookies utilizadas<\/h2><h3 data-start=\"3757\" data-end=\"3790\">Cookies t\u00e9cnicas (necesarias)<\/h3><p data-start=\"3791\" data-end=\"3835\">Permiten el funcionamiento b\u00e1sico de la web.<\/p><h3 data-start=\"3837\" data-end=\"3860\">Cookies de an\u00e1lisis<\/h3><p data-start=\"3861\" data-end=\"3965\">Permiten analizar el comportamiento de los usuarios para mejorar la web (por ejemplo, Google Analytics).<\/p><h3 data-start=\"3967\" data-end=\"3990\">Cookies de terceros<\/h3><p data-start=\"3991\" data-end=\"4072\">Pueden instalarse al usar servicios externos como mapas, v\u00eddeos o redes sociales.<\/p><hr data-start=\"4074\" data-end=\"4077\" \/><h2 data-start=\"4079\" data-end=\"4109\">C\u00f3mo desactivar las cookies<\/h2><p data-start=\"4111\" data-end=\"4189\">El usuario puede configurar su navegador para bloquear o eliminar las cookies.<\/p><p data-start=\"4191\" data-end=\"4246\">Enlaces a configuraci\u00f3n de los navegadores m\u00e1s comunes:<\/p><ul data-start=\"4248\" data-end=\"4282\"><li data-start=\"4248\" data-end=\"4256\"><p data-start=\"4250\" data-end=\"4256\">Chrome<\/p><\/li><li data-start=\"4257\" data-end=\"4266\"><p data-start=\"4259\" data-end=\"4266\">Firefox<\/p><\/li><li data-start=\"4267\" data-end=\"4273\"><p data-start=\"4269\" data-end=\"4273\">Edge<\/p><\/li><li data-start=\"4274\" data-end=\"4282\"><p data-start=\"4276\" data-end=\"4282\">Safari<\/p><\/li><\/ul><hr data-start=\"4284\" data-end=\"4287\" \/><h2 data-start=\"4289\" data-end=\"4306\">Consentimiento<\/h2><p data-start=\"4308\" data-end=\"4460\">Al navegar por esta web, el usuario acepta el uso de cookies. Puede retirar su consentimiento en cualquier momento desde la configuraci\u00f3n del navegador.<\/p><hr data-start=\"4462\" data-end=\"4465\" \/><h2 data-start=\"4467\" data-end=\"4485\">Actualizaciones<\/h2><p data-start=\"4487\" data-end=\"4584\">Esta Pol\u00edtica de Cookies puede actualizarse en funci\u00f3n de exigencias legales o cambios en la web.<\/p><p data-start=\"4778\" data-end=\"4809\">\u00a0<\/p>\t\t\t\t\t\t\t\t<\/div>\n\t\t\t\t\t<\/div>\n\t\t\t\t<\/div>\n\t\t\t\t<\/div>","protected":false},"excerpt":{"rendered":"<p>Este sitio web utiliza cookies propias y de terceros para mejorar la experiencia del usuario. \u00bfQu\u00e9 son las cookies? Las cookies son peque\u00f1os archivos que se almacenan en el dispositivo del usuario al navegar por un sitio web. Tipos de cookies utilizadas Cookies t\u00e9cnicas (necesarias) Permiten el funcionamiento b\u00e1sico de la web. Cookies de an\u00e1lisis Permiten analizar el comportamiento de los usuarios para mejorar la web (por ejemplo, Google Analytics). Cookies de terceros Pueden instalarse al usar servicios externos como mapas, v\u00eddeos o redes sociales. C\u00f3mo desactivar las cookies El usuario puede configurar su navegador para bloquear o eliminar las cookies. Enlaces a configuraci\u00f3n de los navegadores m\u00e1s comunes: Chrome Firefox Edge Safari Consentimiento Al navegar por esta web, el usuario acepta el uso de cookies. Puede retirar su consentimiento en cualquier momento desde la configuraci\u00f3n del navegador. Actualizaciones Esta Pol\u00edtica de Cookies puede actualizarse en funci\u00f3n de exigencias legales o cambios en la web. \u00a0<\/p>","protected":false},"author":1,"featured_media":0,"parent":0,"menu_order":0,"comment_status":"closed","ping_status":"closed","template":"elementor_canvas","meta":{"footnotes":""},"class_list":["post-590","page","type-page","status-publish","hentry"],"_links":{"self":[{"href":"https:\/\/eldescansadero.com\/fr\/wp-json\/wp\/v2\/pages\/590","targetHints":{"allow":["GET"]}}],"collection":[{"href":"https:\/\/eldescansadero.com\/fr\/wp-json\/wp\/v2\/pages"}],"about":[{"href":"https:\/\/eldescansadero.com\/fr\/wp-json\/wp\/v2\/types\/page"}],"author":[{"embeddable":true,"href":"https:\/\/eldescansadero.com\/fr\/wp-json\/wp\/v2\/users\/1"}],"replies":[{"embeddable":true,"href":"https:\/\/eldescansadero.com\/fr\/wp-json\/wp\/v2\/comments?post=590"}],"version-history":[{"count":4,"href":"https:\/\/eldescansadero.com\/fr\/wp-json\/wp\/v2\/pages\/590\/revisions"}],"predecessor-version":[{"id":594,"href":"https:\/\/eldescansadero.com\/fr\/wp-json\/wp\/v2\/pages\/590\/revisions\/594"}],"wp:attachment":[{"href":"https:\/\/eldescansadero.com\/fr\/wp-json\/wp\/v2\/media?parent=590"}],"curies":[{"name":"wp","href":"https:\/\/api.w.org\/{rel}","templated":true}]}}